{"id":137,"date":"2019-11-16T10:42:02","date_gmt":"2019-11-16T10:42:02","guid":{"rendered":"http:\/\/www.rt-kiekko.fi\/?page_id=137"},"modified":"2020-02-24T17:32:53","modified_gmt":"2020-02-24T15:32:53","slug":"seura","status":"publish","type":"page","link":"https:\/\/www.rt-kiekko.fi\/index.php\/seura\/","title":{"rendered":"Seura"},"content":{"rendered":"\n<p>RT-Kiekko on rakennusalan teekkareiden vuonna 1986 Espoon Otaniemess\u00e4 perustama harrastej\u00e4\u00e4kiekkoseura. Seuran toimintaan kuuluu harrastej\u00e4\u00e4kiekon ja turnausten ohella aktiivinen yhteistoiminta kaukalon ulkopuolella.<\/p>\n\n\n\n<p>Joukkue matkustaa s\u00e4\u00e4nn\u00f6llisesti ja vaihtelevilla kokoonpanoilla. Ulkomaille suuntautuvilla matkoilla tutustutaan paikalliseen kulttuuriin ja urheiluel\u00e4m\u00e4\u00e4n. J\u00e4\u00e4kiekko on useimmiten p\u00e4\u00e4roolissa.<\/p>\n\n\n\n<p>Kes\u00e4kaudella RT-Kiekon golffarit kiert\u00e4v\u00e4t viheri\u00f6it\u00e4 yhdess\u00e4 peruskuntoa yll\u00e4pit\u00e4en. Joukkueen golf-taituri ratkaistaan vuosittain j\u00e4rjestett\u00e4v\u00e4ss\u00e4 RTGT-turnauksessa.<\/p>\n\n\n\n<p>Muita RT-Kiekon tapahtumia ovat mm. kiinteist\u00f6- ja rakennusalan joukkueille suunnattu RT-Cup -turnaus, syysleirit urheiluopistoilla sek\u00e4 tietenkin erilaiset yhteiset matineat ja iltatilaisuudet. <br><\/p>\n","protected":false},"excerpt":{"rendered":"<p>RT-Kiekko on rakennusalan teekkareiden vuonna 1986 Espoon Otaniemess\u00e4 perustama harrastej\u00e4\u00e4kiekkoseura. Seuran toimintaan kuuluu harrastej\u00e4\u00e4kiekon ja turnausten ohella aktiivinen yhteistoiminta kaukalon ulkopuolella. Joukkue matkustaa s\u00e4\u00e4nn\u00f6llisesti ja vaihtelevilla kokoonpanoilla. Ulkomaille suuntautuvilla matkoilla tutustutaan paikalliseen kulttuuriin ja urheiluel\u00e4m\u00e4\u00e4n. J\u00e4\u00e4kiekko on useimmiten p\u00e4\u00e4roolissa. Kes\u00e4kaudella RT-Kiekon golffarit kiert\u00e4v\u00e4t viheri\u00f6it\u00e4 yhdess\u00e4 peruskuntoa yll\u00e4pit\u00e4en. Joukkueen golf-taituri ratkaistaan vuosittain j\u00e4rjestett\u00e4v\u00e4ss\u00e4 RTGT-turnauksessa. Muita RT-Kiekon [&hellip;]<\/p>\n","protected":false},"author":1,"featured_media":0,"parent":0,"menu_order":0,"comment_status":"closed","ping_status":"closed","template":"","meta":{"_monsterinsights_skip_tracking":false,"_monsterinsights_sitenote_active":false,"_monsterinsights_sitenote_note":"","_monsterinsights_sitenote_category":0,"footnotes":""},"class_list":["post-137","page","type-page","status-publish","hentry"],"_links":{"self":[{"href":"https:\/\/www.rt-kiekko.fi\/index.php\/wp-json\/wp\/v2\/pages\/137","targetHints":{"allow":["GET"]}}],"collection":[{"href":"https:\/\/www.rt-kiekko.fi\/index.php\/wp-json\/wp\/v2\/pages"}],"about":[{"href":"https:\/\/www.rt-kiekko.fi\/index.php\/wp-json\/wp\/v2\/types\/page"}],"author":[{"embeddable":true,"href":"https:\/\/www.rt-kiekko.fi\/index.php\/wp-json\/wp\/v2\/users\/1"}],"replies":[{"embeddable":true,"href":"https:\/\/www.rt-kiekko.fi\/index.php\/wp-json\/wp\/v2\/comments?post=137"}],"version-history":[{"count":5,"href":"https:\/\/www.rt-kiekko.fi\/index.php\/wp-json\/wp\/v2\/pages\/137\/revisions"}],"predecessor-version":[{"id":687,"href":"https:\/\/www.rt-kiekko.fi\/index.php\/wp-json\/wp\/v2\/pages\/137\/revisions\/687"}],"wp:attachment":[{"href":"https:\/\/www.rt-kiekko.fi\/index.php\/wp-json\/wp\/v2\/media?parent=137"}],"curies":[{"name":"wp","href":"https:\/\/api.w.org\/{rel}","templated":true}]}}