{"id":156,"date":"2019-11-16T10:48:21","date_gmt":"2019-11-16T10:48:21","guid":{"rendered":"http:\/\/www.rt-kiekko.fi\/?page_id=156"},"modified":"2022-07-08T12:35:49","modified_gmt":"2022-07-08T10:35:49","slug":"pisteporssi-kautta-aikojen","status":"publish","type":"page","link":"https:\/\/www.rt-kiekko.fi\/index.php\/pisteporssi-kautta-aikojen\/","title":{"rendered":"Pistep\u00f6rssi kautta aikojen"},"content":{"rendered":"\n<p>RT-Kiekko on tiett\u00e4v\u00e4sti ainoa suomalainen harrastej\u00e4\u00e4kiekkojoukkue, jonka sis\u00e4inen pistep\u00f6rssi on taltioitu yli 30 vuoden ja samalla koko joukkueen olemassaolon ajalta. Kautta aikojen pistep\u00f6rssiss\u00e4 on mukana yli sadan pelaajan edesottamukset. <\/p>\n\n\n\n<p><a href=\"https:\/\/www.rt-kiekko.fi\/wp-content\/uploads\/2022\/07\/15_04_2022_RT_Alltime_pisteporssi.pdf\" target=\"_blank\" rel=\"noreferrer noopener\">RT-Kiekko, pistep\u00f6rssi kautta aikojen<\/a><\/p>\n","protected":false},"excerpt":{"rendered":"<p>RT-Kiekko on tiett\u00e4v\u00e4sti ainoa suomalainen harrastej\u00e4\u00e4kiekkojoukkue, jonka sis\u00e4inen pistep\u00f6rssi on taltioitu yli 30 vuoden ja samalla koko joukkueen olemassaolon ajalta. Kautta aikojen pistep\u00f6rssiss\u00e4 on mukana yli sadan pelaajan edesottamukset. RT-Kiekko, pistep\u00f6rssi kautta aikojen<\/p>\n","protected":false},"author":1,"featured_media":0,"parent":0,"menu_order":0,"comment_status":"closed","ping_status":"closed","template":"","meta":{"_monsterinsights_skip_tracking":false,"_monsterinsights_sitenote_active":false,"_monsterinsights_sitenote_note":"","_monsterinsights_sitenote_category":0,"footnotes":""},"class_list":["post-156","page","type-page","status-publish","hentry"],"_links":{"self":[{"href":"https:\/\/www.rt-kiekko.fi\/index.php\/wp-json\/wp\/v2\/pages\/156","targetHints":{"allow":["GET"]}}],"collection":[{"href":"https:\/\/www.rt-kiekko.fi\/index.php\/wp-json\/wp\/v2\/pages"}],"about":[{"href":"https:\/\/www.rt-kiekko.fi\/index.php\/wp-json\/wp\/v2\/types\/page"}],"author":[{"embeddable":true,"href":"https:\/\/www.rt-kiekko.fi\/index.php\/wp-json\/wp\/v2\/users\/1"}],"replies":[{"embeddable":true,"href":"https:\/\/www.rt-kiekko.fi\/index.php\/wp-json\/wp\/v2\/comments?post=156"}],"version-history":[{"count":7,"href":"https:\/\/www.rt-kiekko.fi\/index.php\/wp-json\/wp\/v2\/pages\/156\/revisions"}],"predecessor-version":[{"id":1301,"href":"https:\/\/www.rt-kiekko.fi\/index.php\/wp-json\/wp\/v2\/pages\/156\/revisions\/1301"}],"wp:attachment":[{"href":"https:\/\/www.rt-kiekko.fi\/index.php\/wp-json\/wp\/v2\/media?parent=156"}],"curies":[{"name":"wp","href":"https:\/\/api.w.org\/{rel}","templated":true}]}}