{"id":161,"date":"2019-11-16T10:48:21","date_gmt":"2019-11-16T10:48:21","guid":{"rendered":"http:\/\/www.rt-kiekko.fi\/?page_id=161"},"modified":"2025-10-23T11:04:21","modified_gmt":"2025-10-23T09:04:21","slug":"yhteystiedot","status":"publish","type":"page","link":"https:\/\/www.rt-kiekko.fi\/index.php\/yhteystiedot\/","title":{"rendered":"Yhteystiedot"},"content":{"rendered":"\n<p>S\u00e4hk\u00f6isesti tavoitettavissa: hallitus [\u00c4T] rt-kiekko [piste] fi<\/p>\n\n\n\n<p><\/p>\n\n\n\n<p>Seuran hallitus kaudella 2025-2026:<\/p>\n\n\n\n<ul class=\"wp-block-list\">\n<li>Kim Ruokonen (pj)<\/li>\n\n\n\n<li>Saku Harjunp\u00e4\u00e4<\/li>\n\n\n\n<li>Jussi Yli-Sepp\u00e4l\u00e4<\/li>\n\n\n\n<li>Lauri Savolainen<\/li>\n\n\n\n<li>Jouni Kolppanen<\/li>\n<\/ul>\n\n\n\n<p><\/p>\n","protected":false},"excerpt":{"rendered":"<p>S\u00e4hk\u00f6isesti tavoitettavissa: hallitus [\u00c4T] rt-kiekko [piste] fi Seuran hallitus kaudella 2025-2026:<\/p>\n","protected":false},"author":1,"featured_media":0,"parent":0,"menu_order":0,"comment_status":"closed","ping_status":"closed","template":"","meta":{"_monsterinsights_skip_tracking":false,"_monsterinsights_sitenote_active":false,"_monsterinsights_sitenote_note":"","_monsterinsights_sitenote_category":0,"footnotes":""},"class_list":["post-161","page","type-page","status-publish","hentry"],"_links":{"self":[{"href":"https:\/\/www.rt-kiekko.fi\/index.php\/wp-json\/wp\/v2\/pages\/161","targetHints":{"allow":["GET"]}}],"collection":[{"href":"https:\/\/www.rt-kiekko.fi\/index.php\/wp-json\/wp\/v2\/pages"}],"about":[{"href":"https:\/\/www.rt-kiekko.fi\/index.php\/wp-json\/wp\/v2\/types\/page"}],"author":[{"embeddable":true,"href":"https:\/\/www.rt-kiekko.fi\/index.php\/wp-json\/wp\/v2\/users\/1"}],"replies":[{"embeddable":true,"href":"https:\/\/www.rt-kiekko.fi\/index.php\/wp-json\/wp\/v2\/comments?post=161"}],"version-history":[{"count":11,"href":"https:\/\/www.rt-kiekko.fi\/index.php\/wp-json\/wp\/v2\/pages\/161\/revisions"}],"predecessor-version":[{"id":1592,"href":"https:\/\/www.rt-kiekko.fi\/index.php\/wp-json\/wp\/v2\/pages\/161\/revisions\/1592"}],"wp:attachment":[{"href":"https:\/\/www.rt-kiekko.fi\/index.php\/wp-json\/wp\/v2\/media?parent=161"}],"curies":[{"name":"wp","href":"https:\/\/api.w.org\/{rel}","templated":true}]}}