{"id":163,"date":"2019-11-16T10:48:21","date_gmt":"2019-11-16T10:48:21","guid":{"rendered":"http:\/\/www.rt-kiekko.fi\/?page_id=163"},"modified":"2020-02-10T17:11:19","modified_gmt":"2020-02-10T17:11:19","slug":"yhteistyokumppanit","status":"publish","type":"page","link":"https:\/\/www.rt-kiekko.fi\/index.php\/yhteistyokumppanit\/","title":{"rendered":"Yhteisty\u00f6kumppanit"},"content":{"rendered":"\n<p> RT-Kiekon toimintaa ovat vuosien saatossa tukeneet lukuisat eri yritykset. Erityisesti rakennusalan yritykset ovat olleet aktiivisia toimialan joukkueen tukemisessa. RT-Kiekko esitt\u00e4\u00e4 n\u00f6yr\u00e4t kiitokset kaikille seuran toimintaa tukeneille. <\/p>\n\n\n\n<div class=\"alignnormal\"><div id=\"metaslider-id-601\" style=\"width: 100%; margin: 0 auto;\" class=\"ml-slider-3-107-0 metaslider metaslider-flex metaslider-601 ml-slider has-dots-nav has-carousel-mode ms-theme-default\" role=\"region\" aria-label=\"Yhteist\u00f6kumppanit\" data-height=\"350\" data-width=\"600\">\n    <div id=\"metaslider_container_601\">\n        <div id=\"metaslider_601\">\n            <ul class='slides'>\n                <li style=\"display: none; width: 100%;\" class=\"slide-607 ms-image \" aria-roledescription=\"slide\" data-date=\"2020-02-10 17:09:36\" data-filename=\"yhteistyo-tikk-600x350.jpg\" data-slide-type=\"image\"><img loading=\"lazy\" decoding=\"async\" src=\"https:\/\/www.rt-kiekko.fi\/wp-content\/uploads\/2020\/02\/yhteistyo-tikk-600x350.jpg\" height=\"350\" width=\"600\" alt=\"\" class=\"slider-601 slide-607 msDefaultImage\" title=\"yhteistyo-tikk\" \/><\/li>\n                <li style=\"display: none; width: 100%;\" class=\"slide-605 ms-image \" aria-roledescription=\"slide\" data-date=\"2020-02-10 17:09:36\" data-filename=\"yhteistyo-betoni-600x350.jpg\" data-slide-type=\"image\"><img loading=\"lazy\" decoding=\"async\" src=\"https:\/\/www.rt-kiekko.fi\/wp-content\/uploads\/2020\/02\/yhteistyo-betoni-600x350.jpg\" height=\"350\" width=\"600\" alt=\"\" class=\"slider-601 slide-605 msDefaultImage\" title=\"yhteistyo-betoni\" \/><\/li>\n                <li style=\"display: none; width: 100%;\" class=\"slide-606 ms-image \" aria-roledescription=\"slide\" data-date=\"2020-02-10 17:09:36\" data-filename=\"yhteistyo-kiinko-600x350.jpg\" data-slide-type=\"image\"><img loading=\"lazy\" decoding=\"async\" src=\"https:\/\/www.rt-kiekko.fi\/wp-content\/uploads\/2020\/02\/yhteistyo-kiinko-600x350.jpg\" height=\"350\" width=\"600\" alt=\"\" class=\"slider-601 slide-606 msDefaultImage\" title=\"yhteistyo-kiinko\" \/><\/li>\n            <\/ul>\n        <\/div>\n        \n    <\/div>\n<\/div><\/div>\n","protected":false},"excerpt":{"rendered":"<p>RT-Kiekon toimintaa ovat vuosien saatossa tukeneet lukuisat eri yritykset. Erityisesti rakennusalan yritykset ovat olleet aktiivisia toimialan joukkueen tukemisessa. RT-Kiekko esitt\u00e4\u00e4 n\u00f6yr\u00e4t kiitokset kaikille seuran toimintaa tukeneille.<\/p>\n","protected":false},"author":1,"featured_media":0,"parent":0,"menu_order":0,"comment_status":"closed","ping_status":"closed","template":"","meta":{"_monsterinsights_skip_tracking":false,"_monsterinsights_sitenote_active":false,"_monsterinsights_sitenote_note":"","_monsterinsights_sitenote_category":0,"footnotes":""},"class_list":["post-163","page","type-page","status-publish","hentry"],"_links":{"self":[{"href":"https:\/\/www.rt-kiekko.fi\/index.php\/wp-json\/wp\/v2\/pages\/163","targetHints":{"allow":["GET"]}}],"collection":[{"href":"https:\/\/www.rt-kiekko.fi\/index.php\/wp-json\/wp\/v2\/pages"}],"about":[{"href":"https:\/\/www.rt-kiekko.fi\/index.php\/wp-json\/wp\/v2\/types\/page"}],"author":[{"embeddable":true,"href":"https:\/\/www.rt-kiekko.fi\/index.php\/wp-json\/wp\/v2\/users\/1"}],"replies":[{"embeddable":true,"href":"https:\/\/www.rt-kiekko.fi\/index.php\/wp-json\/wp\/v2\/comments?post=163"}],"version-history":[{"count":3,"href":"https:\/\/www.rt-kiekko.fi\/index.php\/wp-json\/wp\/v2\/pages\/163\/revisions"}],"predecessor-version":[{"id":608,"href":"https:\/\/www.rt-kiekko.fi\/index.php\/wp-json\/wp\/v2\/pages\/163\/revisions\/608"}],"wp:attachment":[{"href":"https:\/\/www.rt-kiekko.fi\/index.php\/wp-json\/wp\/v2\/media?parent=163"}],"curies":[{"name":"wp","href":"https:\/\/api.w.org\/{rel}","templated":true}]}}