{"id":165,"date":"2019-11-16T10:48:21","date_gmt":"2019-11-16T10:48:21","guid":{"rendered":"http:\/\/www.rt-kiekko.fi\/?page_id=165"},"modified":"2024-04-09T11:27:26","modified_gmt":"2024-04-09T09:27:26","slug":"rt-cup","status":"publish","type":"page","link":"https:\/\/www.rt-kiekko.fi\/index.php\/rt-cup\/","title":{"rendered":"RT-Cup"},"content":{"rendered":"\n<p>RT-Cup on vakiinnuttanut asemansa RT-Kiekon j\u00e4rjest\u00e4m\u00e4n\u00e4 turnauksena, jossa ratkaistaan Suomen rakentavinta kiekkoa pelaava joukkue. Kutsuturnauksena j\u00e4rjestett\u00e4v\u00e4ss\u00e4 tapahtumassa kiinteist\u00f6- ja rakennusalan yritysjoukkueet mittelev\u00e4t maineikkaasta toimialan mestaruustittelist\u00e4. Turnaus on usein huomioitu my\u00f6s Rakennuslehdess\u00e4.<\/p>\n\n\n\n<p>Ensimm\u00e4inen RT-Cup j\u00e4rjestettiin 10.4.2007. Turnausta varten hankittiin my\u00f6s komea palkinto, joka valmistettiin Parman julkisivutehtaalla Forssassa. Palkinnossa on j\u00e4\u00e4kiekkokaukalon muotoinen alusta, joka on Paraisten kalkkikive\u00e4, ja sen p\u00e4\u00e4ll\u00e4 kiekko Hyvink\u00e4\u00e4n mustasta gabrosta. Palkinnon kaikki n\u00e4kyv\u00e4t pinnat on hiottu.  <\/p>\n\n\n\n<h4 class=\"wp-block-heading\">RT-Cupin voittajat<\/h4>\n\n\n\n<p><strong>2007<\/strong> A-Insin\u00f6\u00f6rit<\/p>\n\n\n\n<p><strong>2009<\/strong> A-Insin\u00f6\u00f6rit<\/p>\n\n\n\n<p><strong>2010<\/strong> A-Insin\u00f6\u00f6rit<\/p>\n\n\n\n<p><strong>2016<\/strong> RT-Kiekko<\/p>\n\n\n\n<p><strong>2018<\/strong> A-Insin\u00f6\u00f6rit<\/p>\n\n\n\n<p><strong>2019<\/strong> Kreate<\/p>\n\n\n\n<p><strong>2022<\/strong> YIT<\/p>\n\n\n\n<p><strong>2023 <\/strong>Lujatalo                                <\/p>\n\n\n\n<p><strong>2024 <\/strong>Kreate<\/p>\n\n\n\n<figure class=\"wp-block-image size-large\"><img loading=\"lazy\" decoding=\"async\" width=\"1024\" height=\"576\" src=\"https:\/\/www.rt-kiekko.fi\/wp-content\/uploads\/2024\/04\/WhatsApp-Kuva-2024-04-08-klo-15.29.48_9bda4a4a-1024x576.jpg\" alt=\"\" class=\"wp-image-1513\" srcset=\"https:\/\/www.rt-kiekko.fi\/wp-content\/uploads\/2024\/04\/WhatsApp-Kuva-2024-04-08-klo-15.29.48_9bda4a4a-1024x576.jpg 1024w, https:\/\/www.rt-kiekko.fi\/wp-content\/uploads\/2024\/04\/WhatsApp-Kuva-2024-04-08-klo-15.29.48_9bda4a4a-300x169.jpg 300w, https:\/\/www.rt-kiekko.fi\/wp-content\/uploads\/2024\/04\/WhatsApp-Kuva-2024-04-08-klo-15.29.48_9bda4a4a-768x432.jpg 768w, https:\/\/www.rt-kiekko.fi\/wp-content\/uploads\/2024\/04\/WhatsApp-Kuva-2024-04-08-klo-15.29.48_9bda4a4a-1536x864.jpg 1536w, https:\/\/www.rt-kiekko.fi\/wp-content\/uploads\/2024\/04\/WhatsApp-Kuva-2024-04-08-klo-15.29.48_9bda4a4a-128x72.jpg 128w, https:\/\/www.rt-kiekko.fi\/wp-content\/uploads\/2024\/04\/WhatsApp-Kuva-2024-04-08-klo-15.29.48_9bda4a4a-32x18.jpg 32w, https:\/\/www.rt-kiekko.fi\/wp-content\/uploads\/2024\/04\/WhatsApp-Kuva-2024-04-08-klo-15.29.48_9bda4a4a-2x1.jpg 2w, https:\/\/www.rt-kiekko.fi\/wp-content\/uploads\/2024\/04\/WhatsApp-Kuva-2024-04-08-klo-15.29.48_9bda4a4a-700x394.jpg 700w, https:\/\/www.rt-kiekko.fi\/wp-content\/uploads\/2024\/04\/WhatsApp-Kuva-2024-04-08-klo-15.29.48_9bda4a4a.jpg 2016w\" sizes=\"auto, (max-width: 1024px) 100vw, 1024px\" \/><\/figure>\n\n\n\n<figure class=\"wp-block-image size-large\"><img loading=\"lazy\" decoding=\"async\" width=\"1024\" height=\"768\" src=\"https:\/\/www.rt-kiekko.fi\/wp-content\/uploads\/2023\/05\/16359-1024x768.jpg\" alt=\"\" class=\"wp-image-1472\" srcset=\"https:\/\/www.rt-kiekko.fi\/wp-content\/uploads\/2023\/05\/16359-1024x768.jpg 1024w, https:\/\/www.rt-kiekko.fi\/wp-content\/uploads\/2023\/05\/16359-300x225.jpg 300w, https:\/\/www.rt-kiekko.fi\/wp-content\/uploads\/2023\/05\/16359-768x576.jpg 768w, https:\/\/www.rt-kiekko.fi\/wp-content\/uploads\/2023\/05\/16359-1536x1152.jpg 1536w, https:\/\/www.rt-kiekko.fi\/wp-content\/uploads\/2023\/05\/16359-2048x1536.jpg 2048w, https:\/\/www.rt-kiekko.fi\/wp-content\/uploads\/2023\/05\/16359-128x96.jpg 128w, https:\/\/www.rt-kiekko.fi\/wp-content\/uploads\/2023\/05\/16359-32x24.jpg 32w, https:\/\/www.rt-kiekko.fi\/wp-content\/uploads\/2023\/05\/16359-1x1.jpg 1w\" sizes=\"auto, (max-width: 1024px) 100vw, 1024px\" \/><\/figure>\n\n\n\n<figure class=\"wp-block-image size-full\"><img loading=\"lazy\" decoding=\"async\" width=\"799\" height=\"533\" src=\"https:\/\/www.rt-kiekko.fi\/wp-content\/uploads\/2022\/04\/52016243172_9b1bb4afdd_c.jpg\" alt=\"\" class=\"wp-image-1281\" srcset=\"https:\/\/www.rt-kiekko.fi\/wp-content\/uploads\/2022\/04\/52016243172_9b1bb4afdd_c.jpg 799w, https:\/\/www.rt-kiekko.fi\/wp-content\/uploads\/2022\/04\/52016243172_9b1bb4afdd_c-300x200.jpg 300w, https:\/\/www.rt-kiekko.fi\/wp-content\/uploads\/2022\/04\/52016243172_9b1bb4afdd_c-768x512.jpg 768w, https:\/\/www.rt-kiekko.fi\/wp-content\/uploads\/2022\/04\/52016243172_9b1bb4afdd_c-128x85.jpg 128w, https:\/\/www.rt-kiekko.fi\/wp-content\/uploads\/2022\/04\/52016243172_9b1bb4afdd_c-32x21.jpg 32w, https:\/\/www.rt-kiekko.fi\/wp-content\/uploads\/2022\/04\/52016243172_9b1bb4afdd_c-1x1.jpg 1w\" sizes=\"auto, (max-width: 799px) 100vw, 799px\" \/><\/figure>\n\n\n\n<figure class=\"wp-block-image size-large\"><img loading=\"lazy\" decoding=\"async\" width=\"1024\" height=\"683\" src=\"https:\/\/www.rt-kiekko.fi\/wp-content\/uploads\/2022\/04\/47579052752_037450c889_o-1024x683.jpg\" alt=\"\" class=\"wp-image-1284\" srcset=\"https:\/\/www.rt-kiekko.fi\/wp-content\/uploads\/2022\/04\/47579052752_037450c889_o-1024x683.jpg 1024w, https:\/\/www.rt-kiekko.fi\/wp-content\/uploads\/2022\/04\/47579052752_037450c889_o-300x200.jpg 300w, https:\/\/www.rt-kiekko.fi\/wp-content\/uploads\/2022\/04\/47579052752_037450c889_o-768x512.jpg 768w, https:\/\/www.rt-kiekko.fi\/wp-content\/uploads\/2022\/04\/47579052752_037450c889_o-1536x1024.jpg 1536w, https:\/\/www.rt-kiekko.fi\/wp-content\/uploads\/2022\/04\/47579052752_037450c889_o-2048x1365.jpg 2048w, https:\/\/www.rt-kiekko.fi\/wp-content\/uploads\/2022\/04\/47579052752_037450c889_o-128x85.jpg 128w, https:\/\/www.rt-kiekko.fi\/wp-content\/uploads\/2022\/04\/47579052752_037450c889_o-32x21.jpg 32w, https:\/\/www.rt-kiekko.fi\/wp-content\/uploads\/2022\/04\/47579052752_037450c889_o-2x1.jpg 2w\" sizes=\"auto, (max-width: 1024px) 100vw, 1024px\" \/><\/figure>\n\n\n\n<figure class=\"wp-block-image size-full\"><img loading=\"lazy\" decoding=\"async\" width=\"800\" height=\"534\" src=\"https:\/\/www.rt-kiekko.fi\/wp-content\/uploads\/2022\/04\/FB_IMG_1651062673357.jpg\" alt=\"\" class=\"wp-image-1286\" srcset=\"https:\/\/www.rt-kiekko.fi\/wp-content\/uploads\/2022\/04\/FB_IMG_1651062673357.jpg 800w, https:\/\/www.rt-kiekko.fi\/wp-content\/uploads\/2022\/04\/FB_IMG_1651062673357-300x200.jpg 300w, https:\/\/www.rt-kiekko.fi\/wp-content\/uploads\/2022\/04\/FB_IMG_1651062673357-768x513.jpg 768w, https:\/\/www.rt-kiekko.fi\/wp-content\/uploads\/2022\/04\/FB_IMG_1651062673357-128x85.jpg 128w, https:\/\/www.rt-kiekko.fi\/wp-content\/uploads\/2022\/04\/FB_IMG_1651062673357-32x21.jpg 32w, https:\/\/www.rt-kiekko.fi\/wp-content\/uploads\/2022\/04\/FB_IMG_1651062673357-1x1.jpg 1w\" sizes=\"auto, (max-width: 800px) 100vw, 800px\" \/><\/figure>\n\n\n\n<figure class=\"wp-block-image size-full\"><img loading=\"lazy\" decoding=\"async\" width=\"651\" height=\"975\" src=\"https:\/\/www.rt-kiekko.fi\/wp-content\/uploads\/2022\/04\/FB_IMG_1651062405974.jpg\" alt=\"\" class=\"wp-image-1285\" srcset=\"https:\/\/www.rt-kiekko.fi\/wp-content\/uploads\/2022\/04\/FB_IMG_1651062405974.jpg 651w, https:\/\/www.rt-kiekko.fi\/wp-content\/uploads\/2022\/04\/FB_IMG_1651062405974-200x300.jpg 200w, https:\/\/www.rt-kiekko.fi\/wp-content\/uploads\/2022\/04\/FB_IMG_1651062405974-85x128.jpg 85w, https:\/\/www.rt-kiekko.fi\/wp-content\/uploads\/2022\/04\/FB_IMG_1651062405974-21x32.jpg 21w, https:\/\/www.rt-kiekko.fi\/wp-content\/uploads\/2022\/04\/FB_IMG_1651062405974-1x1.jpg 1w\" sizes=\"auto, (max-width: 651px) 100vw, 651px\" \/><\/figure>\n","protected":false},"excerpt":{"rendered":"<p>RT-Cup on vakiinnuttanut asemansa RT-Kiekon j\u00e4rjest\u00e4m\u00e4n\u00e4 turnauksena, jossa ratkaistaan Suomen rakentavinta kiekkoa pelaava joukkue. Kutsuturnauksena j\u00e4rjestett\u00e4v\u00e4ss\u00e4 tapahtumassa kiinteist\u00f6- ja rakennusalan yritysjoukkueet mittelev\u00e4t maineikkaasta toimialan mestaruustittelist\u00e4. Turnaus on usein huomioitu my\u00f6s Rakennuslehdess\u00e4. Ensimm\u00e4inen RT-Cup j\u00e4rjestettiin 10.4.2007. Turnausta varten hankittiin my\u00f6s komea palkinto, joka valmistettiin Parman julkisivutehtaalla Forssassa. Palkinnossa on j\u00e4\u00e4kiekkokaukalon muotoinen alusta, joka on Paraisten kalkkikive\u00e4, [&hellip;]<\/p>\n","protected":false},"author":1,"featured_media":0,"parent":0,"menu_order":0,"comment_status":"closed","ping_status":"closed","template":"","meta":{"_monsterinsights_skip_tracking":false,"_monsterinsights_sitenote_active":false,"_monsterinsights_sitenote_note":"","_monsterinsights_sitenote_category":0,"footnotes":""},"class_list":["post-165","page","type-page","status-publish","hentry"],"_links":{"self":[{"href":"https:\/\/www.rt-kiekko.fi\/index.php\/wp-json\/wp\/v2\/pages\/165","targetHints":{"allow":["GET"]}}],"collection":[{"href":"https:\/\/www.rt-kiekko.fi\/index.php\/wp-json\/wp\/v2\/pages"}],"about":[{"href":"https:\/\/www.rt-kiekko.fi\/index.php\/wp-json\/wp\/v2\/types\/page"}],"author":[{"embeddable":true,"href":"https:\/\/www.rt-kiekko.fi\/index.php\/wp-json\/wp\/v2\/users\/1"}],"replies":[{"embeddable":true,"href":"https:\/\/www.rt-kiekko.fi\/index.php\/wp-json\/wp\/v2\/comments?post=165"}],"version-history":[{"count":17,"href":"https:\/\/www.rt-kiekko.fi\/index.php\/wp-json\/wp\/v2\/pages\/165\/revisions"}],"predecessor-version":[{"id":1516,"href":"https:\/\/www.rt-kiekko.fi\/index.php\/wp-json\/wp\/v2\/pages\/165\/revisions\/1516"}],"wp:attachment":[{"href":"https:\/\/www.rt-kiekko.fi\/index.php\/wp-json\/wp\/v2\/media?parent=165"}],"curies":[{"name":"wp","href":"https:\/\/api.w.org\/{rel}","templated":true}]}}