{"id":205,"date":"2019-11-16T11:27:05","date_gmt":"2019-11-16T11:27:05","guid":{"rendered":"http:\/\/www.rt-kiekko.fi\/?page_id=205"},"modified":"2020-03-01T08:46:54","modified_gmt":"2020-03-01T06:46:54","slug":"etusivu","status":"publish","type":"page","link":"https:\/\/www.rt-kiekko.fi\/","title":{"rendered":"RT-Kiekko &#8211; etusivu"},"content":{"rendered":"\n<p class=\"has-text-align-left has-normal-font-size\">RT-Kiekko on valtakunnan rakentavimmasta yhteispelist\u00e4 tunnettu helsinkil\u00e4inen j\u00e4\u00e4kiekkoseura. Vuonna 1986 perustetun seuran j\u00e4senet ovat kiinteist\u00f6- ja rakennusalan korkeakoulutuksen saaneita toimialan ammattilaisia. RT-Kiekon joukkue taistelee Suomen J\u00e4\u00e4kiekkoliiton <a href=\"http:\/\/www.finhockey.fi\/index.php\/alueet\/etela\/harrastekiekko\">etel\u00e4isen alueen harrastesarjoissa<\/a> noin kahdensadan muun joukkueen tavoin. RT-Kiekko on ollut mukana p\u00e4\u00e4kaupunkiseudun harrastesarjoissa vuodesta 1988 alkaen.<\/p>\n\n\n\n<div class=\"alignnormal\"><div id=\"metaslider-id-433\" style=\"width: 100%; margin: 0 auto;\" class=\"ml-slider-3-108-0 metaslider metaslider-flex metaslider-433 ml-slider has-dots-nav has-carousel-mode ms-theme-default\" role=\"region\" aria-label=\"Etusivu\" data-height=\"350\" data-width=\"600\">\n    <div id=\"metaslider_container_433\">\n        <div id=\"metaslider_433\">\n            <ul class='slides'>\n                <li style=\"display: none; width: 100%;\" class=\"slide-441 ms-image \" aria-roledescription=\"slide\" data-date=\"2020-02-05 17:18:20\" data-filename=\"zjoukkuekuva-S-1-600x350.jpg\" data-slide-type=\"image\"><img loading=\"lazy\" decoding=\"async\" src=\"https:\/\/www.rt-kiekko.fi\/wp-content\/uploads\/2020\/02\/zjoukkuekuva-S-1-600x350.jpg\" height=\"350\" width=\"600\" alt=\"\" class=\"slider-433 slide-441 msDefaultImage\" title=\"zjoukkuekuva-S-1\" \/><\/li>\n                <li style=\"display: none; width: 100%;\" class=\"slide-578 ms-image \" aria-roledescription=\"slide\" data-date=\"2020-02-10 16:47:00\" data-filename=\"joukkue2-600x350.jpg\" data-slide-type=\"image\"><img loading=\"lazy\" decoding=\"async\" src=\"https:\/\/www.rt-kiekko.fi\/wp-content\/uploads\/2020\/02\/joukkue2-600x350.jpg\" height=\"350\" width=\"600\" alt=\"\" class=\"slider-433 slide-578 msDefaultImage\" title=\"joukkue2\" \/><\/li>\n                <li style=\"display: none; width: 100%;\" class=\"slide-443 ms-image \" aria-roledescription=\"slide\" data-date=\"2020-02-05 17:18:21\" data-filename=\"HAWAII-S-2-600x350.jpg\" data-slide-type=\"image\"><img loading=\"lazy\" decoding=\"async\" src=\"https:\/\/www.rt-kiekko.fi\/wp-content\/uploads\/2020\/02\/HAWAII-S-2-600x350.jpg\" height=\"350\" width=\"600\" alt=\"\" class=\"slider-433 slide-443 msDefaultImage\" title=\"HAWAII-S-2\" \/><\/li>\n                <li style=\"display: none; width: 100%;\" class=\"slide-579 ms-image \" aria-roledescription=\"slide\" data-date=\"2020-02-10 16:47:10\" data-filename=\"GV-RT-600x350.jpg\" data-slide-type=\"image\"><img loading=\"lazy\" decoding=\"async\" src=\"https:\/\/www.rt-kiekko.fi\/wp-content\/uploads\/2020\/02\/GV-RT-600x350.jpg\" height=\"350\" width=\"600\" alt=\"\" class=\"slider-433 slide-579 msDefaultImage\" title=\"GV-RT\" \/><\/li>\n                <li style=\"display: none; width: 100%;\" class=\"slide-580 ms-image \" aria-roledescription=\"slide\" data-date=\"2020-02-10 16:48:08\" data-filename=\"RT-HC-pipot-600x350.jpg\" data-slide-type=\"image\"><img loading=\"lazy\" decoding=\"async\" src=\"https:\/\/www.rt-kiekko.fi\/wp-content\/uploads\/2020\/02\/RT-HC-pipot-600x350.jpg\" height=\"350\" width=\"600\" alt=\"\" class=\"slider-433 slide-580 msDefaultImage\" title=\"RT-HC-pipot\" \/><\/li>\n                <li style=\"display: none; width: 100%;\" class=\"slide-596 ms-image \" aria-roledescription=\"slide\" data-date=\"2020-02-10 16:56:21\" data-filename=\"joukkue-600x350.jpg\" data-slide-type=\"image\"><img loading=\"lazy\" decoding=\"async\" src=\"https:\/\/www.rt-kiekko.fi\/wp-content\/uploads\/2020\/02\/joukkue-600x350.jpg\" height=\"350\" width=\"600\" alt=\"\" class=\"slider-433 slide-596 msDefaultImage\" title=\"joukkue\" \/><\/li>\n            <\/ul>\n        <\/div>\n        \n    <\/div>\n<\/div><\/div>\n","protected":false},"excerpt":{"rendered":"<p>RT-Kiekko on valtakunnan rakentavimmasta yhteispelist\u00e4 tunnettu helsinkil\u00e4inen j\u00e4\u00e4kiekkoseura. Vuonna 1986 perustetun seuran j\u00e4senet ovat kiinteist\u00f6- ja rakennusalan korkeakoulutuksen saaneita toimialan ammattilaisia. RT-Kiekon joukkue taistelee Suomen J\u00e4\u00e4kiekkoliiton etel\u00e4isen alueen harrastesarjoissa noin kahdensadan muun joukkueen tavoin. RT-Kiekko on ollut mukana p\u00e4\u00e4kaupunkiseudun harrastesarjoissa vuodesta 1988 alkaen.<\/p>\n","protected":false},"author":1,"featured_media":0,"parent":0,"menu_order":0,"comment_status":"closed","ping_status":"closed","template":"","meta":{"_monsterinsights_skip_tracking":false,"_monsterinsights_sitenote_active":false,"_monsterinsights_sitenote_note":"","_monsterinsights_sitenote_category":0,"footnotes":""},"class_list":["post-205","page","type-page","status-publish","hentry"],"_links":{"self":[{"href":"https:\/\/www.rt-kiekko.fi\/index.php\/wp-json\/wp\/v2\/pages\/205","targetHints":{"allow":["GET"]}}],"collection":[{"href":"https:\/\/www.rt-kiekko.fi\/index.php\/wp-json\/wp\/v2\/pages"}],"about":[{"href":"https:\/\/www.rt-kiekko.fi\/index.php\/wp-json\/wp\/v2\/types\/page"}],"author":[{"embeddable":true,"href":"https:\/\/www.rt-kiekko.fi\/index.php\/wp-json\/wp\/v2\/users\/1"}],"replies":[{"embeddable":true,"href":"https:\/\/www.rt-kiekko.fi\/index.php\/wp-json\/wp\/v2\/comments?post=205"}],"version-history":[{"count":54,"href":"https:\/\/www.rt-kiekko.fi\/index.php\/wp-json\/wp\/v2\/pages\/205\/revisions"}],"predecessor-version":[{"id":740,"href":"https:\/\/www.rt-kiekko.fi\/index.php\/wp-json\/wp\/v2\/pages\/205\/revisions\/740"}],"wp:attachment":[{"href":"https:\/\/www.rt-kiekko.fi\/index.php\/wp-json\/wp\/v2\/media?parent=205"}],"curies":[{"name":"wp","href":"https:\/\/api.w.org\/{rel}","templated":true}]}}