{"id":644,"date":"2020-02-18T18:08:56","date_gmt":"2020-02-18T18:08:56","guid":{"rendered":"http:\/\/www.rt-kiekko.fi\/?page_id=644"},"modified":"2020-02-18T18:08:57","modified_gmt":"2020-02-18T18:08:57","slug":"rt-hall-of-fame","status":"publish","type":"page","link":"https:\/\/www.rt-kiekko.fi\/index.php\/rt-hall-of-fame\/","title":{"rendered":"RT Hall of Fame"},"content":{"rendered":"\n<p>RT-Kiekko ry p\u00e4\u00e4tti vuoden 2017 vuosikokouksessa nimet\u00e4 ensimm\u00e4iset kunniaj\u00e4senet RT:n Hall of Fameen.\u00a0RT Hall of Fameen on nimetty seuraavat pelaajat:<\/p>\n\n\n\n<p><br>1. Timo Rautanen, aktiivinen perustaja- ja hallitusj\u00e4sen<br>2. Mika Lautanala, aktiivinen perustaja- ja hallitusj\u00e4sen <\/p>\n","protected":false},"excerpt":{"rendered":"<p>RT-Kiekko ry p\u00e4\u00e4tti vuoden 2017 vuosikokouksessa nimet\u00e4 ensimm\u00e4iset kunniaj\u00e4senet RT:n Hall of Fameen.\u00a0RT Hall of Fameen on nimetty seuraavat pelaajat: 1. Timo Rautanen, aktiivinen perustaja- ja hallitusj\u00e4sen2. Mika Lautanala, aktiivinen perustaja- ja hallitusj\u00e4sen<\/p>\n","protected":false},"author":1,"featured_media":0,"parent":0,"menu_order":0,"comment_status":"closed","ping_status":"closed","template":"","meta":{"_monsterinsights_skip_tracking":false,"_monsterinsights_sitenote_active":false,"_monsterinsights_sitenote_note":"","_monsterinsights_sitenote_category":0,"footnotes":""},"class_list":["post-644","page","type-page","status-publish","hentry"],"_links":{"self":[{"href":"https:\/\/www.rt-kiekko.fi\/index.php\/wp-json\/wp\/v2\/pages\/644","targetHints":{"allow":["GET"]}}],"collection":[{"href":"https:\/\/www.rt-kiekko.fi\/index.php\/wp-json\/wp\/v2\/pages"}],"about":[{"href":"https:\/\/www.rt-kiekko.fi\/index.php\/wp-json\/wp\/v2\/types\/page"}],"author":[{"embeddable":true,"href":"https:\/\/www.rt-kiekko.fi\/index.php\/wp-json\/wp\/v2\/users\/1"}],"replies":[{"embeddable":true,"href":"https:\/\/www.rt-kiekko.fi\/index.php\/wp-json\/wp\/v2\/comments?post=644"}],"version-history":[{"count":1,"href":"https:\/\/www.rt-kiekko.fi\/index.php\/wp-json\/wp\/v2\/pages\/644\/revisions"}],"predecessor-version":[{"id":646,"href":"https:\/\/www.rt-kiekko.fi\/index.php\/wp-json\/wp\/v2\/pages\/644\/revisions\/646"}],"wp:attachment":[{"href":"https:\/\/www.rt-kiekko.fi\/index.php\/wp-json\/wp\/v2\/media?parent=644"}],"curies":[{"name":"wp","href":"https:\/\/api.w.org\/{rel}","templated":true}]}}